{"id":2369,"date":"2022-12-13T05:33:13","date_gmt":"2022-12-13T04:33:13","guid":{"rendered":"https:\/\/delpadre.flakeron.ch\/produkt\/primitivo-di-puglia-igt-angela\/"},"modified":"2023-02-11T10:10:56","modified_gmt":"2023-02-11T09:10:56","slug":"primitivo-di-puglia-igt-2","status":"publish","type":"product","link":"https:\/\/www.delpadre.ch\/fr\/produkt\/primitivo-di-puglia-igt-2\/","title":{"rendered":"Primitivo di Puglia IGT \u00ab\u00a0Angela\u00a0\u00bb."},"content":{"rendered":"<p>Le long de la magnifique c\u00f4te sud, dans la province de Tarente et de Brindisi, le raisin pousse sur un sol calcaire et tufeux. Apr\u00e8s des vendanges prudentes en octobre, on obtient ce vin d&rsquo;un rouge-violet intense avec des reflets grenats au fur et \u00e0 mesure qu&rsquo;il vieillit. C&rsquo;est un vin de caract\u00e8re au parfum odorant et au go\u00fbt fruit\u00e9.<\/p>\n","protected":false},"excerpt":{"rendered":"<p>Le long de la magnifique c\u00f4te sud, dans la province de Tarente et de Brindisi, le raisin pousse sur un sol calcaire et tufeux. Apr\u00e8s des vendanges prudentes en octobre, on obtient ce vin d&rsquo;un rouge-violet intense avec des reflets grenats au fur et \u00e0 mesure qu&rsquo;il vieillit. C&rsquo;est un vin de caract\u00e8re au parfum [&hellip;]<\/p>\n","protected":false},"featured_media":0,"comment_status":"closed","ping_status":"open","template":"","meta":{"inline_featured_image":false},"product_brand":[],"product_cat":[125,122,124],"product_tag":[],"class_list":{"0":"post-2369","1":"product","2":"type-product","3":"status-publish","5":"product_cat-vente-a-emporter","6":"product_cat-vini-bevande-fr","7":"product_cat-vini-rossi-italiani-fr","9":"first","10":"instock","11":"taxable","12":"shipping-taxable","13":"product-type-simple"},"_links":{"self":[{"href":"https:\/\/www.delpadre.ch\/fr\/wp-json\/wp\/v2\/product\/2369","targetHints":{"allow":["GET"]}}],"collection":[{"href":"https:\/\/www.delpadre.ch\/fr\/wp-json\/wp\/v2\/product"}],"about":[{"href":"https:\/\/www.delpadre.ch\/fr\/wp-json\/wp\/v2\/types\/product"}],"replies":[{"embeddable":true,"href":"https:\/\/www.delpadre.ch\/fr\/wp-json\/wp\/v2\/comments?post=2369"}],"wp:attachment":[{"href":"https:\/\/www.delpadre.ch\/fr\/wp-json\/wp\/v2\/media?parent=2369"}],"wp:term":[{"taxonomy":"product_brand","embeddable":true,"href":"https:\/\/www.delpadre.ch\/fr\/wp-json\/wp\/v2\/product_brand?post=2369"},{"taxonomy":"product_cat","embeddable":true,"href":"https:\/\/www.delpadre.ch\/fr\/wp-json\/wp\/v2\/product_cat?post=2369"},{"taxonomy":"product_tag","embeddable":true,"href":"https:\/\/www.delpadre.ch\/fr\/wp-json\/wp\/v2\/product_tag?post=2369"}],"curies":[{"name":"wp","href":"https:\/\/api.w.org\/{rel}","templated":true}]}}