{"id":2358,"date":"2022-12-13T05:33:13","date_gmt":"2022-12-13T04:33:13","guid":{"rendered":"https:\/\/delpadre.flakeron.ch\/produkt\/sasso-bucato-igt-russo\/"},"modified":"2023-02-11T10:12:05","modified_gmt":"2023-02-11T09:12:05","slug":"sasso-bucato-igt-russo","status":"publish","type":"product","link":"https:\/\/www.delpadre.ch\/fr\/produkt\/sasso-bucato-igt-russo\/","title":{"rendered":"Sasso Bucato IGT Russo"},"content":{"rendered":"<p>45% merlot, 45% cabernet sauvignon et 10% petit verdot le sasso bucato est le fleuron de l&rsquo;azienda agricola russo. De gros blocs de roche sont pos\u00e9s sur le vignoble. Autrefois, on y extrayait du marbre. Pour trouver le marbre pr\u00e9cieux, on per\u00e7ait des trous dans la roche : sasso bucato &#8211; la pierre perc\u00e9e. Apr\u00e8s une vinification s\u00e9lective et un \u00e9levage en f\u00fbts de ch\u00eane de douze mois, michele compose l&rsquo;assemblage sasso bucato qu&rsquo;il met soigneusement en bouteille trois mois plus tard. Il se distingue par sa couleur pourpre et velout\u00e9e, son go\u00fbt cors\u00e9 aux accents fruit\u00e9s prononc\u00e9s.<\/p>\n","protected":false},"excerpt":{"rendered":"<p>45% merlot, 45% cabernet sauvignon et 10% petit verdot le sasso bucato est le fleuron de l&rsquo;azienda agricola russo. De gros blocs de roche sont pos\u00e9s sur le vignoble. Autrefois, on y extrayait du marbre. Pour trouver le marbre pr\u00e9cieux, on per\u00e7ait des trous dans la roche : sasso bucato &#8211; la pierre perc\u00e9e. Apr\u00e8s [&hellip;]<\/p>\n","protected":false},"featured_media":0,"comment_status":"closed","ping_status":"open","template":"","meta":{"inline_featured_image":false},"product_brand":[],"product_cat":[125,122,124],"product_tag":[],"class_list":{"0":"post-2358","1":"product","2":"type-product","3":"status-publish","5":"product_cat-vente-a-emporter","6":"product_cat-vini-bevande-fr","7":"product_cat-vini-rossi-italiani-fr","9":"first","10":"instock","11":"taxable","12":"shipping-taxable","13":"product-type-simple"},"_links":{"self":[{"href":"https:\/\/www.delpadre.ch\/fr\/wp-json\/wp\/v2\/product\/2358","targetHints":{"allow":["GET"]}}],"collection":[{"href":"https:\/\/www.delpadre.ch\/fr\/wp-json\/wp\/v2\/product"}],"about":[{"href":"https:\/\/www.delpadre.ch\/fr\/wp-json\/wp\/v2\/types\/product"}],"replies":[{"embeddable":true,"href":"https:\/\/www.delpadre.ch\/fr\/wp-json\/wp\/v2\/comments?post=2358"}],"wp:attachment":[{"href":"https:\/\/www.delpadre.ch\/fr\/wp-json\/wp\/v2\/media?parent=2358"}],"wp:term":[{"taxonomy":"product_brand","embeddable":true,"href":"https:\/\/www.delpadre.ch\/fr\/wp-json\/wp\/v2\/product_brand?post=2358"},{"taxonomy":"product_cat","embeddable":true,"href":"https:\/\/www.delpadre.ch\/fr\/wp-json\/wp\/v2\/product_cat?post=2358"},{"taxonomy":"product_tag","embeddable":true,"href":"https:\/\/www.delpadre.ch\/fr\/wp-json\/wp\/v2\/product_tag?post=2358"}],"curies":[{"name":"wp","href":"https:\/\/api.w.org\/{rel}","templated":true}]}}