{"id":2354,"date":"2022-12-13T05:33:17","date_gmt":"2022-12-13T04:33:17","guid":{"rendered":"https:\/\/delpadre.flakeron.ch\/produkt\/bruma-rossa-no-17-cascina-garitina\/"},"modified":"2023-02-11T10:12:07","modified_gmt":"2023-02-11T09:12:07","slug":"bruma-rossa-no-17-cascina-garitina","status":"publish","type":"product","link":"https:\/\/www.delpadre.ch\/fr\/produkt\/bruma-rossa-no-17-cascina-garitina\/","title":{"rendered":"Bruma Rossa No 17 Cascina Garitina"},"content":{"rendered":"<p>Le Bruma Rossa est doux, cors\u00e9 et a \u00e9t\u00e9 \u00e9labor\u00e9 \u00e0 partir des meilleurs raisins de Barbera. Il a une couleur intense, sombre, allant du rouge rubis au violet. Son bouquet est aromatique avec des nuances de cerises noires et de prunes. La finale est ronde et douce avec une \u00e9l\u00e9gance \u00e9tendue et juste la bonne quantit\u00e9 d&rsquo;acidit\u00e9.<\/p>\n","protected":false},"excerpt":{"rendered":"<p>Le Bruma Rossa est doux, cors\u00e9 et a \u00e9t\u00e9 \u00e9labor\u00e9 \u00e0 partir des meilleurs raisins de Barbera. Il a une couleur intense, sombre, allant du rouge rubis au violet. Son bouquet est aromatique avec des nuances de cerises noires et de prunes. La finale est ronde et douce avec une \u00e9l\u00e9gance \u00e9tendue et juste la [&hellip;]<\/p>\n","protected":false},"featured_media":0,"comment_status":"closed","ping_status":"open","template":"","meta":{"inline_featured_image":false},"product_brand":[],"product_cat":[125,122,124],"product_tag":[],"class_list":{"0":"post-2354","1":"product","2":"type-product","3":"status-publish","5":"product_cat-vente-a-emporter","6":"product_cat-vini-bevande-fr","7":"product_cat-vini-rossi-italiani-fr","9":"first","10":"instock","11":"taxable","12":"shipping-taxable","13":"product-type-simple"},"_links":{"self":[{"href":"https:\/\/www.delpadre.ch\/fr\/wp-json\/wp\/v2\/product\/2354","targetHints":{"allow":["GET"]}}],"collection":[{"href":"https:\/\/www.delpadre.ch\/fr\/wp-json\/wp\/v2\/product"}],"about":[{"href":"https:\/\/www.delpadre.ch\/fr\/wp-json\/wp\/v2\/types\/product"}],"replies":[{"embeddable":true,"href":"https:\/\/www.delpadre.ch\/fr\/wp-json\/wp\/v2\/comments?post=2354"}],"wp:attachment":[{"href":"https:\/\/www.delpadre.ch\/fr\/wp-json\/wp\/v2\/media?parent=2354"}],"wp:term":[{"taxonomy":"product_brand","embeddable":true,"href":"https:\/\/www.delpadre.ch\/fr\/wp-json\/wp\/v2\/product_brand?post=2354"},{"taxonomy":"product_cat","embeddable":true,"href":"https:\/\/www.delpadre.ch\/fr\/wp-json\/wp\/v2\/product_cat?post=2354"},{"taxonomy":"product_tag","embeddable":true,"href":"https:\/\/www.delpadre.ch\/fr\/wp-json\/wp\/v2\/product_tag?post=2354"}],"curies":[{"name":"wp","href":"https:\/\/api.w.org\/{rel}","templated":true}]}}