{"id":2339,"date":"2022-12-13T05:33:17","date_gmt":"2022-12-13T04:33:17","guid":{"rendered":"https:\/\/delpadre.flakeron.ch\/produkt\/cannonau-di-sardegna-riserva-il-moro\/"},"modified":"2023-02-11T10:12:03","modified_gmt":"2023-02-11T09:12:03","slug":"cannonau-di-sardegna-riserva","status":"publish","type":"product","link":"https:\/\/www.delpadre.ch\/fr\/produkt\/cannonau-di-sardegna-riserva\/","title":{"rendered":"Cannonau Di Sardegna Riserva \u00ab\u00a0Il Moro"},"content":{"rendered":"<p>Le grenache en France, le garnacha en Espagne et le cannonau en Sardaigne sont une seule et m\u00eame vari\u00e9t\u00e9 de raisin. Au bouquet, on d\u00e9couvre des ar\u00f4mes de groseilles, le corps est \u00e9toff\u00e9, doux et velout\u00e9. Ce vin \u00e9voque des souvenirs de vacances.<\/p>\n","protected":false},"excerpt":{"rendered":"<p>Le grenache en France, le garnacha en Espagne et le cannonau en Sardaigne sont une seule et m\u00eame vari\u00e9t\u00e9 de raisin. Au bouquet, on d\u00e9couvre des ar\u00f4mes de groseilles, le corps est \u00e9toff\u00e9, doux et velout\u00e9. Ce vin \u00e9voque des souvenirs de vacances.<\/p>\n","protected":false},"featured_media":0,"comment_status":"closed","ping_status":"open","template":"","meta":{"inline_featured_image":false},"product_brand":[],"product_cat":[125,122,124],"product_tag":[],"class_list":{"0":"post-2339","1":"product","2":"type-product","3":"status-publish","5":"product_cat-vente-a-emporter","6":"product_cat-vini-bevande-fr","7":"product_cat-vini-rossi-italiani-fr","9":"first","10":"instock","11":"taxable","12":"shipping-taxable","13":"product-type-simple"},"_links":{"self":[{"href":"https:\/\/www.delpadre.ch\/fr\/wp-json\/wp\/v2\/product\/2339","targetHints":{"allow":["GET"]}}],"collection":[{"href":"https:\/\/www.delpadre.ch\/fr\/wp-json\/wp\/v2\/product"}],"about":[{"href":"https:\/\/www.delpadre.ch\/fr\/wp-json\/wp\/v2\/types\/product"}],"replies":[{"embeddable":true,"href":"https:\/\/www.delpadre.ch\/fr\/wp-json\/wp\/v2\/comments?post=2339"}],"wp:attachment":[{"href":"https:\/\/www.delpadre.ch\/fr\/wp-json\/wp\/v2\/media?parent=2339"}],"wp:term":[{"taxonomy":"product_brand","embeddable":true,"href":"https:\/\/www.delpadre.ch\/fr\/wp-json\/wp\/v2\/product_brand?post=2339"},{"taxonomy":"product_cat","embeddable":true,"href":"https:\/\/www.delpadre.ch\/fr\/wp-json\/wp\/v2\/product_cat?post=2339"},{"taxonomy":"product_tag","embeddable":true,"href":"https:\/\/www.delpadre.ch\/fr\/wp-json\/wp\/v2\/product_tag?post=2339"}],"curies":[{"name":"wp","href":"https:\/\/api.w.org\/{rel}","templated":true}]}}