{"id":2271,"date":"2022-12-13T05:33:01","date_gmt":"2022-12-13T04:33:01","guid":{"rendered":"https:\/\/delpadre.flakeron.ch\/produkt\/les-penne-preferees-de-noar\/"},"modified":"2023-02-11T10:04:24","modified_gmt":"2023-02-11T09:04:24","slug":"penne-noars-favourite","status":"publish","type":"product","link":"https:\/\/www.delpadre.ch\/fr\/produkt\/penne-noars-favourite\/","title":{"rendered":"Les penne pr\u00e9f\u00e9r\u00e9es de Noar"},"content":{"rendered":"<p>Sauce tomate cerise avec lamelles de veau, ricotta,<br \/>\naubergines et ail<\/p>\n","protected":false},"excerpt":{"rendered":"<p>Sauce tomate cerise avec lamelles de veau, ricotta, aubergines et ail<\/p>\n","protected":false},"featured_media":0,"comment_status":"closed","ping_status":"open","template":"","meta":{"inline_featured_image":false},"product_brand":[],"product_cat":[135,125],"product_tag":[],"class_list":{"0":"post-2271","1":"product","2":"type-product","3":"status-publish","5":"product_cat-pates-alimentaires","6":"product_cat-vente-a-emporter","8":"first","9":"instock","10":"taxable","11":"shipping-taxable","12":"product-type-simple"},"_links":{"self":[{"href":"https:\/\/www.delpadre.ch\/fr\/wp-json\/wp\/v2\/product\/2271","targetHints":{"allow":["GET"]}}],"collection":[{"href":"https:\/\/www.delpadre.ch\/fr\/wp-json\/wp\/v2\/product"}],"about":[{"href":"https:\/\/www.delpadre.ch\/fr\/wp-json\/wp\/v2\/types\/product"}],"replies":[{"embeddable":true,"href":"https:\/\/www.delpadre.ch\/fr\/wp-json\/wp\/v2\/comments?post=2271"}],"wp:attachment":[{"href":"https:\/\/www.delpadre.ch\/fr\/wp-json\/wp\/v2\/media?parent=2271"}],"wp:term":[{"taxonomy":"product_brand","embeddable":true,"href":"https:\/\/www.delpadre.ch\/fr\/wp-json\/wp\/v2\/product_brand?post=2271"},{"taxonomy":"product_cat","embeddable":true,"href":"https:\/\/www.delpadre.ch\/fr\/wp-json\/wp\/v2\/product_cat?post=2271"},{"taxonomy":"product_tag","embeddable":true,"href":"https:\/\/www.delpadre.ch\/fr\/wp-json\/wp\/v2\/product_tag?post=2271"}],"curies":[{"name":"wp","href":"https:\/\/api.w.org\/{rel}","templated":true}]}}