{"id":2258,"date":"2022-12-13T05:33:05","date_gmt":"2022-12-13T04:33:05","guid":{"rendered":"https:\/\/delpadre.flakeron.ch\/produkt\/lasagnes\/"},"modified":"2023-02-11T10:04:43","modified_gmt":"2023-02-11T09:04:43","slug":"lasagnes","status":"publish","type":"product","link":"https:\/\/www.delpadre.ch\/fr\/produkt\/lasagnes\/","title":{"rendered":"Lasagnes"},"content":{"rendered":"<p>Feuilles de p\u00e2te \u00e0 la sauce maison \u00e0 la viande de roshagk &#8211; gratin\u00e9es au fromage<\/p>\n","protected":false},"excerpt":{"rendered":"<p>Feuilles de p\u00e2te \u00e0 la sauce maison \u00e0 la viande de roshagk &#8211; gratin\u00e9es au fromage<\/p>\n","protected":false},"featured_media":0,"comment_status":"closed","ping_status":"open","template":"","meta":{"inline_featured_image":false},"product_brand":[],"product_cat":[138,125],"product_tag":[],"class_list":{"0":"post-2258","1":"product","2":"type-product","3":"status-publish","5":"product_cat-forno-fr","6":"product_cat-vente-a-emporter","8":"first","9":"instock","10":"taxable","11":"shipping-taxable","12":"product-type-simple"},"_links":{"self":[{"href":"https:\/\/www.delpadre.ch\/fr\/wp-json\/wp\/v2\/product\/2258","targetHints":{"allow":["GET"]}}],"collection":[{"href":"https:\/\/www.delpadre.ch\/fr\/wp-json\/wp\/v2\/product"}],"about":[{"href":"https:\/\/www.delpadre.ch\/fr\/wp-json\/wp\/v2\/types\/product"}],"replies":[{"embeddable":true,"href":"https:\/\/www.delpadre.ch\/fr\/wp-json\/wp\/v2\/comments?post=2258"}],"wp:attachment":[{"href":"https:\/\/www.delpadre.ch\/fr\/wp-json\/wp\/v2\/media?parent=2258"}],"wp:term":[{"taxonomy":"product_brand","embeddable":true,"href":"https:\/\/www.delpadre.ch\/fr\/wp-json\/wp\/v2\/product_brand?post=2258"},{"taxonomy":"product_cat","embeddable":true,"href":"https:\/\/www.delpadre.ch\/fr\/wp-json\/wp\/v2\/product_cat?post=2258"},{"taxonomy":"product_tag","embeddable":true,"href":"https:\/\/www.delpadre.ch\/fr\/wp-json\/wp\/v2\/product_tag?post=2258"}],"curies":[{"name":"wp","href":"https:\/\/api.w.org\/{rel}","templated":true}]}}