{"id":2249,"date":"2022-12-13T05:33:05","date_gmt":"2022-12-13T04:33:05","guid":{"rendered":"https:\/\/delpadre.flakeron.ch\/produkt\/amore-del-capo\/"},"modified":"2023-02-11T10:04:45","modified_gmt":"2023-02-11T09:04:45","slug":"amore-del-capo","status":"publish","type":"product","link":"https:\/\/www.delpadre.ch\/fr\/produkt\/amore-del-capo\/","title":{"rendered":"Amore del Capo"},"content":{"rendered":"<p>Entrec\u00f4te sur \u00e9pinards frais au caf\u00e9 de Paris avec pommes frites<\/p>\n","protected":false},"excerpt":{"rendered":"<p>Entrec\u00f4te sur \u00e9pinards frais au caf\u00e9 de Paris avec pommes frites<\/p>\n","protected":false},"featured_media":0,"comment_status":"closed","ping_status":"open","template":"","meta":{"inline_featured_image":false},"product_brand":[],"product_cat":[127],"product_tag":[],"class_list":{"0":"post-2249","1":"product","2":"type-product","3":"status-publish","5":"product_cat-carne-pesce-fr","7":"first","8":"instock","9":"taxable","10":"shipping-taxable","11":"product-type-simple"},"_links":{"self":[{"href":"https:\/\/www.delpadre.ch\/fr\/wp-json\/wp\/v2\/product\/2249","targetHints":{"allow":["GET"]}}],"collection":[{"href":"https:\/\/www.delpadre.ch\/fr\/wp-json\/wp\/v2\/product"}],"about":[{"href":"https:\/\/www.delpadre.ch\/fr\/wp-json\/wp\/v2\/types\/product"}],"replies":[{"embeddable":true,"href":"https:\/\/www.delpadre.ch\/fr\/wp-json\/wp\/v2\/comments?post=2249"}],"wp:attachment":[{"href":"https:\/\/www.delpadre.ch\/fr\/wp-json\/wp\/v2\/media?parent=2249"}],"wp:term":[{"taxonomy":"product_brand","embeddable":true,"href":"https:\/\/www.delpadre.ch\/fr\/wp-json\/wp\/v2\/product_brand?post=2249"},{"taxonomy":"product_cat","embeddable":true,"href":"https:\/\/www.delpadre.ch\/fr\/wp-json\/wp\/v2\/product_cat?post=2249"},{"taxonomy":"product_tag","embeddable":true,"href":"https:\/\/www.delpadre.ch\/fr\/wp-json\/wp\/v2\/product_tag?post=2249"}],"curies":[{"name":"wp","href":"https:\/\/api.w.org\/{rel}","templated":true}]}}