{"id":2232,"date":"2022-12-13T05:33:13","date_gmt":"2022-12-13T04:33:13","guid":{"rendered":"https:\/\/delpadre.flakeron.ch\/produkt\/roero-arneis-doc-gigi-rosso-2\/"},"modified":"2023-02-11T10:12:06","modified_gmt":"2023-02-11T09:12:06","slug":"roero-arneis-doc-gigi-rosso-2","status":"publish","type":"product","link":"https:\/\/www.delpadre.ch\/fr\/produkt\/roero-arneis-doc-gigi-rosso-2\/","title":{"rendered":"Roero Arneis DOC Gigi Rosso"},"content":{"rendered":"<p>Jaune paille \u00e0 verd\u00e2tre. Bouquet floral. Go\u00fbt sec avec de fines nuances d&rsquo;amande.<\/p>\n","protected":false},"excerpt":{"rendered":"<p>Jaune paille \u00e0 verd\u00e2tre. Bouquet floral. Go\u00fbt sec avec de fines nuances d&rsquo;amande.<\/p>\n","protected":false},"featured_media":0,"comment_status":"closed","ping_status":"open","template":"","meta":{"inline_featured_image":false},"product_brand":[],"product_cat":[125,122,133],"product_tag":[],"class_list":{"0":"post-2232","1":"product","2":"type-product","3":"status-publish","5":"product_cat-vente-a-emporter","6":"product_cat-vini-bevande-fr","7":"product_cat-vini-bianchi-italiani-fr","9":"first","10":"instock","11":"taxable","12":"shipping-taxable","13":"product-type-simple"},"_links":{"self":[{"href":"https:\/\/www.delpadre.ch\/fr\/wp-json\/wp\/v2\/product\/2232","targetHints":{"allow":["GET"]}}],"collection":[{"href":"https:\/\/www.delpadre.ch\/fr\/wp-json\/wp\/v2\/product"}],"about":[{"href":"https:\/\/www.delpadre.ch\/fr\/wp-json\/wp\/v2\/types\/product"}],"replies":[{"embeddable":true,"href":"https:\/\/www.delpadre.ch\/fr\/wp-json\/wp\/v2\/comments?post=2232"}],"wp:attachment":[{"href":"https:\/\/www.delpadre.ch\/fr\/wp-json\/wp\/v2\/media?parent=2232"}],"wp:term":[{"taxonomy":"product_brand","embeddable":true,"href":"https:\/\/www.delpadre.ch\/fr\/wp-json\/wp\/v2\/product_brand?post=2232"},{"taxonomy":"product_cat","embeddable":true,"href":"https:\/\/www.delpadre.ch\/fr\/wp-json\/wp\/v2\/product_cat?post=2232"},{"taxonomy":"product_tag","embeddable":true,"href":"https:\/\/www.delpadre.ch\/fr\/wp-json\/wp\/v2\/product_tag?post=2232"}],"curies":[{"name":"wp","href":"https:\/\/api.w.org\/{rel}","templated":true}]}}