{"id":2226,"date":"2022-12-13T05:33:13","date_gmt":"2022-12-13T04:33:13","guid":{"rendered":"https:\/\/delpadre.flakeron.ch\/produkt\/garanoir-et-regent\/"},"modified":"2023-02-11T10:09:18","modified_gmt":"2023-02-11T09:09:18","slug":"garanoir-et-regent","status":"publish","type":"product","link":"https:\/\/www.delpadre.ch\/fr\/produkt\/garanoir-et-regent\/","title":{"rendered":"Garanoir et R\u00e9gent"},"content":{"rendered":"<p>Emerveillez-vous devant ce cru local de Thoune : le Garanoir \u00e9l\u00e9gant, vif et juteux s&rsquo;allie au Regent \u00e9pic\u00e9 pour offrir un plaisir de d\u00e9gustation unique.<\/p>\n","protected":false},"excerpt":{"rendered":"<p>Emerveillez-vous devant ce cru local de Thoune : le Garanoir \u00e9l\u00e9gant, vif et juteux s&rsquo;allie au Regent \u00e9pic\u00e9 pour offrir un plaisir de d\u00e9gustation unique.<\/p>\n","protected":false},"featured_media":0,"comment_status":"closed","ping_status":"open","template":"","meta":{"inline_featured_image":false},"product_brand":[],"product_cat":[125,122,131],"product_tag":[],"class_list":{"0":"post-2226","1":"product","2":"type-product","3":"status-publish","5":"product_cat-vente-a-emporter","6":"product_cat-vini-bevande-fr","7":"product_cat-vini-rossi-svizzeri-fr","9":"first","10":"instock","11":"taxable","12":"shipping-taxable","13":"product-type-simple"},"_links":{"self":[{"href":"https:\/\/www.delpadre.ch\/fr\/wp-json\/wp\/v2\/product\/2226","targetHints":{"allow":["GET"]}}],"collection":[{"href":"https:\/\/www.delpadre.ch\/fr\/wp-json\/wp\/v2\/product"}],"about":[{"href":"https:\/\/www.delpadre.ch\/fr\/wp-json\/wp\/v2\/types\/product"}],"replies":[{"embeddable":true,"href":"https:\/\/www.delpadre.ch\/fr\/wp-json\/wp\/v2\/comments?post=2226"}],"wp:attachment":[{"href":"https:\/\/www.delpadre.ch\/fr\/wp-json\/wp\/v2\/media?parent=2226"}],"wp:term":[{"taxonomy":"product_brand","embeddable":true,"href":"https:\/\/www.delpadre.ch\/fr\/wp-json\/wp\/v2\/product_brand?post=2226"},{"taxonomy":"product_cat","embeddable":true,"href":"https:\/\/www.delpadre.ch\/fr\/wp-json\/wp\/v2\/product_cat?post=2226"},{"taxonomy":"product_tag","embeddable":true,"href":"https:\/\/www.delpadre.ch\/fr\/wp-json\/wp\/v2\/product_tag?post=2226"}],"curies":[{"name":"wp","href":"https:\/\/api.w.org\/{rel}","templated":true}]}}