{"id":2202,"date":"2022-12-13T05:33:13","date_gmt":"2022-12-13T04:33:13","guid":{"rendered":"https:\/\/delpadre.flakeron.ch\/produkt\/barolo-rocche-dei-manzoni\/"},"modified":"2023-02-11T10:09:26","modified_gmt":"2023-02-11T09:09:26","slug":"barolo-rocche-dei-manzoni","status":"publish","type":"product","link":"https:\/\/www.delpadre.ch\/fr\/produkt\/barolo-rocche-dei-manzoni\/","title":{"rendered":"Barolo Rocche dei Manzoni"},"content":{"rendered":"<p>Un vin tr\u00e8s bien structur\u00e9 qui restitue parfaitement les ar\u00f4mes typiques du c\u00e9page nebbiolot : des notes de fleurs, de fruits noirs, de cacao et de beaux ar\u00f4mes bois\u00e9s s\u00e9duisent d\u00e8s le d\u00e9but. En bouche, il est d\u00e9licieusement chaleureux et complexe.<\/p>\n","protected":false},"excerpt":{"rendered":"<p>Un vin tr\u00e8s bien structur\u00e9 qui restitue parfaitement les ar\u00f4mes typiques du c\u00e9page nebbiolot : des notes de fleurs, de fruits noirs, de cacao et de beaux ar\u00f4mes bois\u00e9s s\u00e9duisent d\u00e8s le d\u00e9but. En bouche, il est d\u00e9licieusement chaleureux et complexe.<\/p>\n","protected":false},"featured_media":0,"comment_status":"closed","ping_status":"open","template":"","meta":{"inline_featured_image":false},"product_brand":[],"product_cat":[125,122,124],"product_tag":[],"class_list":{"0":"post-2202","1":"product","2":"type-product","3":"status-publish","5":"product_cat-vente-a-emporter","6":"product_cat-vini-bevande-fr","7":"product_cat-vini-rossi-italiani-fr","9":"first","10":"instock","11":"taxable","12":"shipping-taxable","13":"product-type-simple"},"_links":{"self":[{"href":"https:\/\/www.delpadre.ch\/fr\/wp-json\/wp\/v2\/product\/2202","targetHints":{"allow":["GET"]}}],"collection":[{"href":"https:\/\/www.delpadre.ch\/fr\/wp-json\/wp\/v2\/product"}],"about":[{"href":"https:\/\/www.delpadre.ch\/fr\/wp-json\/wp\/v2\/types\/product"}],"replies":[{"embeddable":true,"href":"https:\/\/www.delpadre.ch\/fr\/wp-json\/wp\/v2\/comments?post=2202"}],"wp:attachment":[{"href":"https:\/\/www.delpadre.ch\/fr\/wp-json\/wp\/v2\/media?parent=2202"}],"wp:term":[{"taxonomy":"product_brand","embeddable":true,"href":"https:\/\/www.delpadre.ch\/fr\/wp-json\/wp\/v2\/product_brand?post=2202"},{"taxonomy":"product_cat","embeddable":true,"href":"https:\/\/www.delpadre.ch\/fr\/wp-json\/wp\/v2\/product_cat?post=2202"},{"taxonomy":"product_tag","embeddable":true,"href":"https:\/\/www.delpadre.ch\/fr\/wp-json\/wp\/v2\/product_tag?post=2202"}],"curies":[{"name":"wp","href":"https:\/\/api.w.org\/{rel}","templated":true}]}}