{"id":2190,"date":"2022-12-13T05:33:13","date_gmt":"2022-12-13T04:33:13","guid":{"rendered":"https:\/\/delpadre.flakeron.ch\/produkt\/amarone-della-valpolicella-doc-centanni\/"},"modified":"2023-02-11T10:10:53","modified_gmt":"2023-02-11T09:10:53","slug":"amarone-della-valpolicella-doc","status":"publish","type":"product","link":"https:\/\/www.delpadre.ch\/fr\/produkt\/amarone-della-valpolicella-doc\/","title":{"rendered":"Amarone della Valpolicella DOC \u00ab\u00a0Cent&rsquo;anni"},"content":{"rendered":"<p>C\u00e9pages : Corvina, Rondinella, Molinara, les raisins sains et s\u00e9lectionn\u00e9s sont s\u00e9ch\u00e9s sur des claies sp\u00e9ciales. Ce n&rsquo;est qu&rsquo;en d\u00e9cembre que l&rsquo;on pr\u00e9pare le mo\u00fbt, qui commence \u00e0 fermenter lentement. Le climat froid favorise une flore particuli\u00e8re qui d\u00e9termine le parfum et le go\u00fbt caract\u00e9ristique du vin. C&rsquo;est ainsi que se d\u00e9veloppe d&rsquo;abord un Recioto doux et p\u00e9tillant. Si l&rsquo;on laisse le vin vieillir naturellement, on obtient un vin sec tr\u00e8s cors\u00e9, qui peut \u00eatre conserv\u00e9 longtemps <{{{wpml_tag_1}}}>.<\/p>\n","protected":false},"excerpt":{"rendered":"<p>C\u00e9pages : Corvina, Rondinella, Molinara, les raisins sains et s\u00e9lectionn\u00e9s sont s\u00e9ch\u00e9s sur des claies sp\u00e9ciales. Ce n&rsquo;est qu&rsquo;en d\u00e9cembre que l&rsquo;on pr\u00e9pare le mo\u00fbt, qui commence \u00e0 fermenter lentement. Le climat froid favorise une flore particuli\u00e8re qui d\u00e9termine le parfum et le go\u00fbt caract\u00e9ristique du vin. C&rsquo;est ainsi que se d\u00e9veloppe d&rsquo;abord un Recioto [&hellip;]<\/p>\n","protected":false},"featured_media":0,"comment_status":"closed","ping_status":"open","template":"","meta":{"inline_featured_image":false},"product_brand":[],"product_cat":[125,122,124],"product_tag":[],"class_list":{"0":"post-2190","1":"product","2":"type-product","3":"status-publish","5":"product_cat-vente-a-emporter","6":"product_cat-vini-bevande-fr","7":"product_cat-vini-rossi-italiani-fr","9":"first","10":"instock","11":"taxable","12":"shipping-taxable","13":"product-type-simple"},"_links":{"self":[{"href":"https:\/\/www.delpadre.ch\/fr\/wp-json\/wp\/v2\/product\/2190","targetHints":{"allow":["GET"]}}],"collection":[{"href":"https:\/\/www.delpadre.ch\/fr\/wp-json\/wp\/v2\/product"}],"about":[{"href":"https:\/\/www.delpadre.ch\/fr\/wp-json\/wp\/v2\/types\/product"}],"replies":[{"embeddable":true,"href":"https:\/\/www.delpadre.ch\/fr\/wp-json\/wp\/v2\/comments?post=2190"}],"wp:attachment":[{"href":"https:\/\/www.delpadre.ch\/fr\/wp-json\/wp\/v2\/media?parent=2190"}],"wp:term":[{"taxonomy":"product_brand","embeddable":true,"href":"https:\/\/www.delpadre.ch\/fr\/wp-json\/wp\/v2\/product_brand?post=2190"},{"taxonomy":"product_cat","embeddable":true,"href":"https:\/\/www.delpadre.ch\/fr\/wp-json\/wp\/v2\/product_cat?post=2190"},{"taxonomy":"product_tag","embeddable":true,"href":"https:\/\/www.delpadre.ch\/fr\/wp-json\/wp\/v2\/product_tag?post=2190"}],"curies":[{"name":"wp","href":"https:\/\/api.w.org\/{rel}","templated":true}]}}